{"id":20,"date":"2023-08-30T04:05:22","date_gmt":"2023-08-30T04:05:22","guid":{"rendered":"https:\/\/iconn-careers.xoles.net\/?page_id=20"},"modified":"2023-09-18T17:15:39","modified_gmt":"2023-09-18T17:15:39","slug":"ubicaciones","status":"publish","type":"page","link":"https:\/\/iconn.com.mx\/iconn-careers\/ubicaciones\/","title":{"rendered":"Ubicaciones"},"content":{"rendered":"\t\t<div data-elementor-type=\"wp-page\" data-elementor-id=\"20\" class=\"elementor elementor-20\" data-elementor-post-type=\"page\">\n\t\t\t\t\t\t<section class=\"elementor-section elementor-top-section elementor-element elementor-element-b06caea elementor-section-boxed elementor-section-height-default elementor-section-height-default\" data-id=\"b06caea\" data-element_type=\"section\" data-settings=\"{&quot;background_background&quot;:&quot;classic&quot;}\">\n\t\t\t\t\t\t<div class=\"elementor-container elementor-column-gap-default\">\n\t\t\t\t\t<div class=\"elementor-column elementor-col-100 elementor-top-column elementor-element elementor-element-7c5dbeb\" data-id=\"7c5dbeb\" data-element_type=\"column\">\n\t\t\t<div class=\"elementor-widget-wrap elementor-element-populated\">\n\t\t\t\t\t\t<div class=\"elementor-element elementor-element-6a12dc2 elementor-widget elementor-widget-heading\" data-id=\"6a12dc2\" data-element_type=\"widget\" data-widget_type=\"heading.default\">\n\t\t\t\t<div class=\"elementor-widget-container\">\n\t\t\t\t\t<h2 class=\"elementor-heading-title elementor-size-default\">Nuestra <span style=\"color:#003e2f\">presencia en M\u00e9xico<\/span><\/h2>\t\t\t\t<\/div>\n\t\t\t\t<\/div>\n\t\t\t\t\t<\/div>\n\t\t<\/div>\n\t\t\t\t\t<\/div>\n\t\t<\/section>\n\t\t\t\t<section class=\"elementor-section elementor-top-section elementor-element elementor-element-31f73a5 elementor-section-boxed elementor-section-height-default elementor-section-height-default\" data-id=\"31f73a5\" data-element_type=\"section\" data-settings=\"{&quot;background_background&quot;:&quot;classic&quot;}\">\n\t\t\t\t\t\t<div class=\"elementor-container elementor-column-gap-default\">\n\t\t\t\t\t<div class=\"elementor-column elementor-col-100 elementor-top-column elementor-element elementor-element-a175368\" data-id=\"a175368\" data-element_type=\"column\">\n\t\t\t<div class=\"elementor-widget-wrap elementor-element-populated\">\n\t\t\t\t\t\t<div class=\"elementor-element elementor-element-62bc841 elementor-widget elementor-widget-image\" data-id=\"62bc841\" data-element_type=\"widget\" data-widget_type=\"image.default\">\n\t\t\t\t<div class=\"elementor-widget-container\">\n\t\t\t\t\t\t\t\t\t\t\t\t\t\t\t<img fetchpriority=\"high\" decoding=\"async\" width=\"1605\" height=\"849\" src=\"\/iconn-careers\/wp-content\/uploads\/2023\/09\/mapa-ubicaciones-iconn.png\" class=\"attachment-full size-full wp-image-1059\" alt=\"\" srcset=\"\/iconn-careers\/wp-content\/uploads\/2023\/09\/mapa-ubicaciones-iconn.png 1605w, \/iconn-careers\/wp-content\/uploads\/2023\/09\/mapa-ubicaciones-iconn-300x159.png 300w, \/iconn-careers\/wp-content\/uploads\/2023\/09\/mapa-ubicaciones-iconn-1024x542.png 1024w, \/iconn-careers\/wp-content\/uploads\/2023\/09\/mapa-ubicaciones-iconn-768x406.png 768w, \/iconn-careers\/wp-content\/uploads\/2023\/09\/mapa-ubicaciones-iconn-1536x813.png 1536w\" sizes=\"(max-width: 1605px) 100vw, 1605px\" \/>\t\t\t\t\t\t\t\t\t\t\t\t\t\t\t<\/div>\n\t\t\t\t<\/div>\n\t\t\t\t\t<\/div>\n\t\t<\/div>\n\t\t\t\t\t<\/div>\n\t\t<\/section>\n\t\t\t\t<section class=\"elementor-section elementor-top-section elementor-element elementor-element-5895cc9 elementor-section-full_width elementor-hidden-desktop elementor-hidden-tablet elementor-hidden-mobile elementor-section-height-default elementor-section-height-default\" data-id=\"5895cc9\" data-element_type=\"section\" data-settings=\"{&quot;background_background&quot;:&quot;classic&quot;}\">\n\t\t\t\t\t\t<div class=\"elementor-container elementor-column-gap-default\">\n\t\t\t\t\t<div class=\"elementor-column elementor-col-100 elementor-top-column elementor-element elementor-element-365d63f\" data-id=\"365d63f\" data-element_type=\"column\">\n\t\t\t<div class=\"elementor-widget-wrap elementor-element-populated\">\n\t\t\t\t\t\t<div class=\"elementor-element elementor-element-6b3fe1e elementor-widget elementor-widget-text-editor\" data-id=\"6b3fe1e\" data-element_type=\"widget\" data-widget_type=\"text-editor.default\">\n\t\t\t\t<div class=\"elementor-widget-container\">\n\t\t\t\t\t\t\t\t\t[show-map id=&#8221;1&#8243;]\t\t\t\t\t\t\t\t<\/div>\n\t\t\t\t<\/div>\n\t\t\t\t\t<\/div>\n\t\t<\/div>\n\t\t\t\t\t<\/div>\n\t\t<\/section>\n\t\t\t\t<section class=\"elementor-section elementor-top-section elementor-element elementor-element-f7bf9d9 elementor-section-boxed elementor-section-height-default elementor-section-height-default\" data-id=\"f7bf9d9\" data-element_type=\"section\">\n\t\t\t\t\t\t<div class=\"elementor-container elementor-column-gap-default\">\n\t\t\t\t\t<div class=\"elementor-column elementor-col-100 elementor-top-column elementor-element elementor-element-21d45cb\" data-id=\"21d45cb\" data-element_type=\"column\">\n\t\t\t<div class=\"elementor-widget-wrap elementor-element-populated\">\n\t\t\t\t\t\t<div class=\"elementor-element elementor-element-f519d08 elementor-widget elementor-widget-heading\" data-id=\"f519d08\" data-element_type=\"widget\" data-widget_type=\"heading.default\">\n\t\t\t\t<div class=\"elementor-widget-container\">\n\t\t\t\t\t<h2 class=\"elementor-heading-title elementor-size-default\">Principales <span style=\"color:#003e2f\">Centros de Trabajo<\/span><\/h2>\t\t\t\t<\/div>\n\t\t\t\t<\/div>\n\t\t\t\t<section class=\"elementor-section elementor-inner-section elementor-element elementor-element-b67ff1a elementor-section-boxed elementor-section-height-default elementor-section-height-default\" data-id=\"b67ff1a\" data-element_type=\"section\">\n\t\t\t\t\t\t<div class=\"elementor-container elementor-column-gap-wider\">\n\t\t\t\t\t<div class=\"elementor-column elementor-col-25 elementor-inner-column elementor-element elementor-element-28979f8\" data-id=\"28979f8\" data-element_type=\"column\">\n\t\t\t<div class=\"elementor-widget-wrap elementor-element-populated\">\n\t\t\t\t\t\t<div class=\"elementor-element elementor-element-b872770 elementor-widget elementor-widget-heading\" data-id=\"b872770\" data-element_type=\"widget\" data-widget_type=\"heading.default\">\n\t\t\t\t<div class=\"elementor-widget-container\">\n\t\t\t\t\t<h5 class=\"elementor-heading-title elementor-size-default\">Nuevo Le\u00f3n<\/h5>\t\t\t\t<\/div>\n\t\t\t\t<\/div>\n\t\t\t\t<div class=\"elementor-element elementor-element-23553de elementor-widget elementor-widget-text-editor\" data-id=\"23553de\" data-element_type=\"widget\" data-widget_type=\"text-editor.default\">\n\t\t\t\t<div class=\"elementor-widget-container\">\n\t\t\t\t\t\t\t\t\t<p><b>Centro de Apoyo Iconn (CAI)<\/b><br>Blvd. Gustavo Diaz Ordaz 711, Col. Zona Industrial, 66217, San Pedro Garza Garc\u00eda, N.L.<\/p>\n<p><b>Oficina de Apoyo a Tiendas (OAT)<\/b><br>Av. Munich 195, Col. Cuauht\u00e9moc, 66450, San Nicol\u00e1s de los Garza, N.L.<\/p>\n<p><b>Centro de Distribuci\u00f3n (CEDIS)<\/b><br>Autopista Cuota Monterrey Reynosa No. 9350. Col. Parque Industrial Kalos<br>Guadalupe, N.L.<\/p>\t\t\t\t\t\t\t\t<\/div>\n\t\t\t\t<\/div>\n\t\t\t\t\t<\/div>\n\t\t<\/div>\n\t\t\t\t<div class=\"elementor-column elementor-col-25 elementor-inner-column elementor-element elementor-element-e43813d\" data-id=\"e43813d\" data-element_type=\"column\">\n\t\t\t<div class=\"elementor-widget-wrap elementor-element-populated\">\n\t\t\t\t\t\t<div class=\"elementor-element elementor-element-bfdddfd elementor-widget elementor-widget-heading\" data-id=\"bfdddfd\" data-element_type=\"widget\" data-widget_type=\"heading.default\">\n\t\t\t\t<div class=\"elementor-widget-container\">\n\t\t\t\t\t<h5 class=\"elementor-heading-title elementor-size-default\">Ciudad de M\u00e9xico<\/h5>\t\t\t\t<\/div>\n\t\t\t\t<\/div>\n\t\t\t\t<div class=\"elementor-element elementor-element-f3e031a elementor-widget elementor-widget-text-editor\" data-id=\"f3e031a\" data-element_type=\"widget\" data-widget_type=\"text-editor.default\">\n\t\t\t\t<div class=\"elementor-widget-container\">\n\t\t\t\t\t\t\t\t\t<p><b>Oficina de Apoyo a Tiendas (OAT)<\/b><br \/>Av. Revoluci\u00f3n 775, Col. Nonoalco, 03700, Benito Ju\u00e1rez, CDMX.<\/p><p><b>Centro de Distribuci\u00f3n (CEDIS)<\/b><br \/>V\u00eda Lopez Portillo 6, Col. San Francisco Chilpan, 54945 , Tultitlan, Edo. Mex.<\/p>\t\t\t\t\t\t\t\t<\/div>\n\t\t\t\t<\/div>\n\t\t\t\t\t<\/div>\n\t\t<\/div>\n\t\t\t\t<div class=\"elementor-column elementor-col-25 elementor-inner-column elementor-element elementor-element-9f53626\" data-id=\"9f53626\" data-element_type=\"column\">\n\t\t\t<div class=\"elementor-widget-wrap elementor-element-populated\">\n\t\t\t\t\t\t<div class=\"elementor-element elementor-element-103ac04 elementor-widget elementor-widget-heading\" data-id=\"103ac04\" data-element_type=\"widget\" data-widget_type=\"heading.default\">\n\t\t\t\t<div class=\"elementor-widget-container\">\n\t\t\t\t\t<h5 class=\"elementor-heading-title elementor-size-default\">Guadalajara<\/h5>\t\t\t\t<\/div>\n\t\t\t\t<\/div>\n\t\t\t\t<div class=\"elementor-element elementor-element-1e3389a elementor-widget elementor-widget-text-editor\" data-id=\"1e3389a\" data-element_type=\"widget\" data-widget_type=\"text-editor.default\">\n\t\t\t\t<div class=\"elementor-widget-container\">\n\t\t\t\t\t\t\t\t\t<p><b>Centro de Apoyo a Tiendas (OAT)<br \/><\/b>C. Lope de Vega 170, Col. Arcos Vallarta, 44130, Guadalajara, Jalisco.<\/p><p><b>Centro de Distribuci\u00f3n (CEDIS)<\/b><br \/>Carretera Guadalajara-Chapala Edif.2-A km.24.5, Col. Parque Industrial Arrayanes, 45678, Tlajomulco de Zu\u00f1iga, Jalisco.<\/p>\t\t\t\t\t\t\t\t<\/div>\n\t\t\t\t<\/div>\n\t\t\t\t\t<\/div>\n\t\t<\/div>\n\t\t\t\t<div class=\"elementor-column elementor-col-25 elementor-inner-column elementor-element elementor-element-df52224\" data-id=\"df52224\" data-element_type=\"column\">\n\t\t\t<div class=\"elementor-widget-wrap elementor-element-populated\">\n\t\t\t\t\t\t<div class=\"elementor-element elementor-element-f84e586 elementor-widget elementor-widget-heading\" data-id=\"f84e586\" data-element_type=\"widget\" data-widget_type=\"heading.default\">\n\t\t\t\t<div class=\"elementor-widget-container\">\n\t\t\t\t\t<h5 class=\"elementor-heading-title elementor-size-default\">Tijuana<\/h5>\t\t\t\t<\/div>\n\t\t\t\t<\/div>\n\t\t\t\t<div class=\"elementor-element elementor-element-0302a92 elementor-widget elementor-widget-text-editor\" data-id=\"0302a92\" data-element_type=\"widget\" data-widget_type=\"text-editor.default\">\n\t\t\t\t<div class=\"elementor-widget-container\">\n\t\t\t\t\t\t\t\t\t<p><b>Centro de Distribuci\u00f3n (CEDIS)<\/b><br>Calle V\u00eda R\u00e1pida Pte. 17001-A, Col. Rio Tijuana 3ra Etapa, 22123, Tijuana, Baja California.<\/p>\t\t\t\t\t\t\t\t<\/div>\n\t\t\t\t<\/div>\n\t\t\t\t\t<\/div>\n\t\t<\/div>\n\t\t\t\t\t<\/div>\n\t\t<\/section>\n\t\t\t\t\t<\/div>\n\t\t<\/div>\n\t\t\t\t\t<\/div>\n\t\t<\/section>\n\t\t\t\t<\/div>\n\t\t","protected":false},"excerpt":{"rendered":"<p>Nuestra presencia en M\u00e9xico [show-map id=&#8221;1&#8243;] Principales Centros de Trabajo Nuevo Le\u00f3n Centro de Apoyo Iconn (CAI)Blvd. Gustavo Diaz Ordaz 711, Col. Zona Industrial, 66217, San Pedro Garza Garc\u00eda, N.L. Oficina de Apoyo a Tiendas (OAT)Av. Munich 195, Col. Cuauht\u00e9moc, 66450, San Nicol\u00e1s de los Garza, N.L. Centro de Distribuci\u00f3n (CEDIS)Autopista Cuota Monterrey Reynosa No. [&hellip;]<\/p>\n","protected":false},"author":1,"featured_media":0,"parent":0,"menu_order":0,"comment_status":"closed","ping_status":"closed","template":"","meta":{"_acf_changed":false,"footnotes":""},"class_list":["post-20","page","type-page","status-publish","hentry"],"acf":[],"_links":{"self":[{"href":"https:\/\/iconn.com.mx\/iconn-careers\/wp-json\/wp\/v2\/pages\/20","targetHints":{"allow":["GET"]}}],"collection":[{"href":"https:\/\/iconn.com.mx\/iconn-careers\/wp-json\/wp\/v2\/pages"}],"about":[{"href":"https:\/\/iconn.com.mx\/iconn-careers\/wp-json\/wp\/v2\/types\/page"}],"author":[{"embeddable":true,"href":"https:\/\/iconn.com.mx\/iconn-careers\/wp-json\/wp\/v2\/users\/1"}],"replies":[{"embeddable":true,"href":"https:\/\/iconn.com.mx\/iconn-careers\/wp-json\/wp\/v2\/comments?post=20"}],"version-history":[{"count":124,"href":"https:\/\/iconn.com.mx\/iconn-careers\/wp-json\/wp\/v2\/pages\/20\/revisions"}],"predecessor-version":[{"id":1068,"href":"https:\/\/iconn.com.mx\/iconn-careers\/wp-json\/wp\/v2\/pages\/20\/revisions\/1068"}],"wp:attachment":[{"href":"https:\/\/iconn.com.mx\/iconn-careers\/wp-json\/wp\/v2\/media?parent=20"}],"curies":[{"name":"wp","href":"https:\/\/api.w.org\/{rel}","templated":true}]}}